{"id":30013,"date":"2026-03-13T12:39:38","date_gmt":"2026-03-13T12:39:38","guid":{"rendered":"https:\/\/occasandalye.com\/?post_type=product&#038;p=30013"},"modified":"2026-03-13T12:45:29","modified_gmt":"2026-03-13T12:45:29","slug":"nevada-2","status":"publish","type":"product","link":"https:\/\/occasandalye.com\/?product=nevada-2","title":{"rendered":"Nevada"},"content":{"rendered":"\t\t<div data-elementor-type=\"wp-post\" data-elementor-id=\"30013\" class=\"elementor elementor-30013\">\n\t\t\t\t<div class=\"elementor-element elementor-element-53eea44 e-con-full e-flex e-con e-parent\" data-id=\"53eea44\" data-element_type=\"container\" data-e-type=\"container\">\n\t\t<div class=\"elementor-element elementor-element-cc8e042 e-con-full e-flex e-con e-child\" data-id=\"cc8e042\" data-element_type=\"container\" data-e-type=\"container\">\n\t\t\t\t<div class=\"elementor-element elementor-element-4a8a87a elementor-widget elementor-widget-wd_text_block\" data-id=\"4a8a87a\" data-element_type=\"widget\" data-e-type=\"widget\" data-widget_type=\"wd_text_block.default\">\n\t\t\t\t<div class=\"elementor-widget-container\">\n\t\t\t\t\t\t\t<div class=\"wd-text-block reset-last-child text-left\">\n\t\t\t\n\t\t\t<ul><li data-start=\"611\" data-end=\"654\"><p data-start=\"613\" data-end=\"654\">Dayan\u0131kl\u0131 ve hafif papel iskelet yap\u0131s\u0131<\/p><\/li><li data-start=\"655\" data-end=\"679\"><p data-start=\"657\" data-end=\"679\">Uzun \u00f6m\u00fcrl\u00fc kullan\u0131m<\/p><\/li><li data-start=\"680\" data-end=\"716\"><p data-start=\"682\" data-end=\"716\">Modern ve sade tasar\u0131m \u00e7izgileri<\/p><\/li><li data-start=\"717\" data-end=\"785\"><p data-start=\"719\" data-end=\"785\">Farkl\u0131 d\u00f6\u015feme kuma\u015f ve renk se\u00e7enekleriyle ki\u015fiselle\u015ftirilebilir<\/p><\/li><li data-start=\"786\" data-end=\"846\"><p data-start=\"788\" data-end=\"846\">Ev, ofis veya kafe gibi farkl\u0131 kullan\u0131m alanlar\u0131na uygun<\/p><\/li><\/ul>\n\t\t\t\t\t<\/div>\n\t\t\t\t\t\t<\/div>\n\t\t\t\t<\/div>\n\t\t\t\t<\/div>\n\t\t<div class=\"elementor-element elementor-element-2136194 e-con-full e-flex e-con e-child\" data-id=\"2136194\" data-element_type=\"container\" data-e-type=\"container\">\n\t\t\t\t<div class=\"elementor-element elementor-element-e17d3f0 elementor-widget elementor-widget-wd_image_or_svg\" data-id=\"e17d3f0\" data-element_type=\"widget\" data-e-type=\"widget\" data-widget_type=\"wd_image_or_svg.default\">\n\t\t\t\t<div class=\"elementor-widget-container\">\n\t\t\t\t\t\n\t\t<div class=\"wd-image text-left\">\n\t\t\t\t\t\t\t\t<img loading=\"lazy\" decoding=\"async\" width=\"1479\" height=\"1330\" src=\"https:\/\/occasandalye.com\/wp-content\/uploads\/2026\/03\/DSC9246.jpg\" class=\"attachment-full size-full\" alt=\"\" srcset=\"https:\/\/occasandalye.com\/wp-content\/uploads\/2026\/03\/DSC9246.jpg 1479w, https:\/\/occasandalye.com\/wp-content\/uploads\/2026\/03\/DSC9246-334x300.jpg 334w, https:\/\/occasandalye.com\/wp-content\/uploads\/2026\/03\/DSC9246-890x800.jpg 890w, https:\/\/occasandalye.com\/wp-content\/uploads\/2026\/03\/DSC9246-768x691.jpg 768w, https:\/\/occasandalye.com\/wp-content\/uploads\/2026\/03\/DSC9246-430x387.jpg 430w, https:\/\/occasandalye.com\/wp-content\/uploads\/2026\/03\/DSC9246-700x629.jpg 700w, https:\/\/occasandalye.com\/wp-content\/uploads\/2026\/03\/DSC9246-150x135.jpg 150w\" sizes=\"auto, (max-width: 1479px) 100vw, 1479px\" \/>\t\t\t\t\t<\/div>\n\n\t\t\t\t\t\t<\/div>\n\t\t\t\t<\/div>\n\t\t\t\t<\/div>\n\t\t<div class=\"elementor-element elementor-element-738f371 e-con-full e-flex e-con e-child\" data-id=\"738f371\" data-element_type=\"container\" data-e-type=\"container\">\n\t\t\t\t<div class=\"elementor-element elementor-element-5586eab elementor-widget elementor-widget-wd_image_or_svg\" data-id=\"5586eab\" data-element_type=\"widget\" data-e-type=\"widget\" data-widget_type=\"wd_image_or_svg.default\">\n\t\t\t\t<div class=\"elementor-widget-container\">\n\t\t\t\t\t\n\t\t<div class=\"wd-image text-left\">\n\t\t\t\t\t\t\t\t<img loading=\"lazy\" decoding=\"async\" width=\"1479\" height=\"1330\" src=\"https:\/\/occasandalye.com\/wp-content\/uploads\/2026\/03\/DSC9243.jpg\" class=\"attachment-full size-full\" alt=\"\" srcset=\"https:\/\/occasandalye.com\/wp-content\/uploads\/2026\/03\/DSC9243.jpg 1479w, https:\/\/occasandalye.com\/wp-content\/uploads\/2026\/03\/DSC9243-334x300.jpg 334w, https:\/\/occasandalye.com\/wp-content\/uploads\/2026\/03\/DSC9243-890x800.jpg 890w, https:\/\/occasandalye.com\/wp-content\/uploads\/2026\/03\/DSC9243-768x691.jpg 768w, https:\/\/occasandalye.com\/wp-content\/uploads\/2026\/03\/DSC9243-430x387.jpg 430w, https:\/\/occasandalye.com\/wp-content\/uploads\/2026\/03\/DSC9243-700x629.jpg 700w, https:\/\/occasandalye.com\/wp-content\/uploads\/2026\/03\/DSC9243-150x135.jpg 150w\" sizes=\"auto, (max-width: 1479px) 100vw, 1479px\" \/>\t\t\t\t\t<\/div>\n\n\t\t\t\t\t\t<\/div>\n\t\t\t\t<\/div>\n\t\t\t\t<\/div>\n\t\t\t\t<\/div>\n\t\t\t\t<\/div>\n\t\t","protected":false},"excerpt":{"rendered":"<p data-start=\"179\" data-end=\"368\">Nevada Modeli, keskin hatlar\u0131 ve dengeli formu ile ya\u015fam alanlar\u0131na karakter ve modern bir stil kazand\u0131r\u0131r. Estetik detaylar\u0131 ve g\u00fc\u00e7l\u00fc duru\u015fu sayesinde bulundu\u011fu her mek\u00e2nda dikkat \u00e7eker.<\/p>\n<p data-start=\"370\" data-end=\"628\">Ergonomik s\u0131rt yap\u0131s\u0131 ve konforlu oturum alan\u0131, uzun s\u00fcreli kullan\u0131mlarda rahatl\u0131k sa\u011flarken, sa\u011flam iskelet sistemi ve kaliteli malzeme se\u00e7imi dayan\u0131kl\u0131l\u0131\u011f\u0131 garanti eder. Ev dekorasyonlar\u0131ndan prestijli projelere kadar geni\u015f bir kullan\u0131m alan\u0131na uygundur.<\/p>\n<p data-start=\"630\" data-end=\"725\">Nevada Modeli, modern tasar\u0131m\u0131 g\u00fc\u00e7l\u00fc bir duru\u015fla bulu\u015fturarak mek\u00e2nlara stil ve konfor sunar.<\/p>\n<p data-start=\"727\" data-end=\"797\"><strong data-start=\"727\" data-end=\"797\">Nevada Modeli ile ya\u015fam alanlar\u0131n\u0131za karizmatik bir dokunu\u015f kat\u0131n.<\/strong><\/p>\n","protected":false},"featured_media":30015,"comment_status":"closed","ping_status":"closed","template":"","meta":[],"product_brand":[133],"product_cat":[131],"product_tag":[],"class_list":{"0":"post-30013","1":"product","2":"type-product","3":"status-publish","4":"has-post-thumbnail","6":"product_brand-inegol-papel","7":"product_cat-papel","9":"first","10":"instock","11":"shipping-taxable","12":"product-type-simple"},"_links":{"self":[{"href":"https:\/\/occasandalye.com\/index.php?rest_route=\/wp\/v2\/product\/30013","targetHints":{"allow":["GET"]}}],"collection":[{"href":"https:\/\/occasandalye.com\/index.php?rest_route=\/wp\/v2\/product"}],"about":[{"href":"https:\/\/occasandalye.com\/index.php?rest_route=\/wp\/v2\/types\/product"}],"replies":[{"embeddable":true,"href":"https:\/\/occasandalye.com\/index.php?rest_route=%2Fwp%2Fv2%2Fcomments&post=30013"}],"version-history":[{"count":4,"href":"https:\/\/occasandalye.com\/index.php?rest_route=\/wp\/v2\/product\/30013\/revisions"}],"predecessor-version":[{"id":30022,"href":"https:\/\/occasandalye.com\/index.php?rest_route=\/wp\/v2\/product\/30013\/revisions\/30022"}],"wp:featuredmedia":[{"embeddable":true,"href":"https:\/\/occasandalye.com\/index.php?rest_route=\/wp\/v2\/media\/30015"}],"wp:attachment":[{"href":"https:\/\/occasandalye.com\/index.php?rest_route=%2Fwp%2Fv2%2Fmedia&parent=30013"}],"wp:term":[{"taxonomy":"product_brand","embeddable":true,"href":"https:\/\/occasandalye.com\/index.php?rest_route=%2Fwp%2Fv2%2Fproduct_brand&post=30013"},{"taxonomy":"product_cat","embeddable":true,"href":"https:\/\/occasandalye.com\/index.php?rest_route=%2Fwp%2Fv2%2Fproduct_cat&post=30013"},{"taxonomy":"product_tag","embeddable":true,"href":"https:\/\/occasandalye.com\/index.php?rest_route=%2Fwp%2Fv2%2Fproduct_tag&post=30013"}],"curies":[{"name":"wp","href":"https:\/\/api.w.org\/{rel}","templated":true}]}}