{"id":29796,"date":"2026-02-12T10:29:42","date_gmt":"2026-02-12T10:29:42","guid":{"rendered":"https:\/\/occasandalye.com\/?post_type=product&#038;p=29796"},"modified":"2026-02-12T10:33:23","modified_gmt":"2026-02-12T10:33:23","slug":"forte","status":"publish","type":"product","link":"https:\/\/occasandalye.com\/?product=forte","title":{"rendered":"Forte"},"content":{"rendered":"\t\t<div data-elementor-type=\"wp-post\" data-elementor-id=\"29796\" class=\"elementor elementor-29796\">\n\t\t\t\t<div class=\"elementor-element elementor-element-53eea44 e-con-full e-flex e-con e-parent\" data-id=\"53eea44\" data-element_type=\"container\" data-e-type=\"container\">\n\t\t<div class=\"elementor-element elementor-element-cc8e042 e-con-full e-flex e-con e-child\" data-id=\"cc8e042\" data-element_type=\"container\" data-e-type=\"container\">\n\t\t\t\t<div class=\"elementor-element elementor-element-4a8a87a elementor-widget elementor-widget-wd_text_block\" data-id=\"4a8a87a\" data-element_type=\"widget\" data-e-type=\"widget\" data-widget_type=\"wd_text_block.default\">\n\t\t\t\t<div class=\"elementor-widget-container\">\n\t\t\t\t\t\t\t<div class=\"wd-text-block reset-last-child text-left\">\n\t\t\t\n\t\t\t<ul><li data-start=\"611\" data-end=\"654\"><p data-start=\"613\" data-end=\"654\">Dayan\u0131kl\u0131 ve hafif papel iskelet yap\u0131s\u0131<\/p><\/li><li data-start=\"655\" data-end=\"679\"><p data-start=\"657\" data-end=\"679\">Uzun \u00f6m\u00fcrl\u00fc kullan\u0131m<\/p><\/li><li data-start=\"680\" data-end=\"716\"><p data-start=\"682\" data-end=\"716\">Modern ve sade tasar\u0131m \u00e7izgileri<\/p><\/li><li data-start=\"717\" data-end=\"785\"><p data-start=\"719\" data-end=\"785\">Farkl\u0131 d\u00f6\u015feme kuma\u015f ve renk se\u00e7enekleriyle ki\u015fiselle\u015ftirilebilir<\/p><\/li><li data-start=\"786\" data-end=\"846\"><p data-start=\"788\" data-end=\"846\">Ev, ofis veya kafe gibi farkl\u0131 kullan\u0131m alanlar\u0131na uygun<\/p><\/li><\/ul>\n\t\t\t\t\t<\/div>\n\t\t\t\t\t\t<\/div>\n\t\t\t\t<\/div>\n\t\t\t\t<\/div>\n\t\t<div class=\"elementor-element elementor-element-2136194 e-con-full e-flex e-con e-child\" data-id=\"2136194\" data-element_type=\"container\" data-e-type=\"container\">\n\t\t\t\t<div class=\"elementor-element elementor-element-e17d3f0 elementor-widget elementor-widget-wd_image_or_svg\" data-id=\"e17d3f0\" data-element_type=\"widget\" data-e-type=\"widget\" data-widget_type=\"wd_image_or_svg.default\">\n\t\t\t\t<div class=\"elementor-widget-container\">\n\t\t\t\t\t\n\t\t<div class=\"wd-image text-left\">\n\t\t\t\t\t\t\t\t<img loading=\"lazy\" decoding=\"async\" width=\"1479\" height=\"1330\" src=\"https:\/\/occasandalye.com\/wp-content\/uploads\/2026\/02\/Forte-5.jpg\" class=\"attachment-full size-full\" alt=\"\" srcset=\"https:\/\/occasandalye.com\/wp-content\/uploads\/2026\/02\/Forte-5.jpg 1479w, https:\/\/occasandalye.com\/wp-content\/uploads\/2026\/02\/Forte-5-430x387.jpg 430w, https:\/\/occasandalye.com\/wp-content\/uploads\/2026\/02\/Forte-5-150x135.jpg 150w, https:\/\/occasandalye.com\/wp-content\/uploads\/2026\/02\/Forte-5-700x629.jpg 700w, https:\/\/occasandalye.com\/wp-content\/uploads\/2026\/02\/Forte-5-334x300.jpg 334w, https:\/\/occasandalye.com\/wp-content\/uploads\/2026\/02\/Forte-5-890x800.jpg 890w, https:\/\/occasandalye.com\/wp-content\/uploads\/2026\/02\/Forte-5-768x691.jpg 768w\" sizes=\"auto, (max-width: 1479px) 100vw, 1479px\" \/>\t\t\t\t\t<\/div>\n\n\t\t\t\t\t\t<\/div>\n\t\t\t\t<\/div>\n\t\t\t\t<\/div>\n\t\t<div class=\"elementor-element elementor-element-738f371 e-con-full e-flex e-con e-child\" data-id=\"738f371\" data-element_type=\"container\" data-e-type=\"container\">\n\t\t\t\t<div class=\"elementor-element elementor-element-5586eab elementor-widget elementor-widget-wd_image_or_svg\" data-id=\"5586eab\" data-element_type=\"widget\" data-e-type=\"widget\" data-widget_type=\"wd_image_or_svg.default\">\n\t\t\t\t<div class=\"elementor-widget-container\">\n\t\t\t\t\t\n\t\t<div class=\"wd-image text-left\">\n\t\t\t\t\t\t\t\t<img loading=\"lazy\" decoding=\"async\" width=\"1479\" height=\"1330\" src=\"https:\/\/occasandalye.com\/wp-content\/uploads\/2026\/02\/Forte-1.jpg\" class=\"attachment-full size-full\" alt=\"\" srcset=\"https:\/\/occasandalye.com\/wp-content\/uploads\/2026\/02\/Forte-1.jpg 1479w, https:\/\/occasandalye.com\/wp-content\/uploads\/2026\/02\/Forte-1-430x387.jpg 430w, https:\/\/occasandalye.com\/wp-content\/uploads\/2026\/02\/Forte-1-150x135.jpg 150w, https:\/\/occasandalye.com\/wp-content\/uploads\/2026\/02\/Forte-1-700x629.jpg 700w, https:\/\/occasandalye.com\/wp-content\/uploads\/2026\/02\/Forte-1-334x300.jpg 334w, https:\/\/occasandalye.com\/wp-content\/uploads\/2026\/02\/Forte-1-890x800.jpg 890w, https:\/\/occasandalye.com\/wp-content\/uploads\/2026\/02\/Forte-1-768x691.jpg 768w\" sizes=\"auto, (max-width: 1479px) 100vw, 1479px\" \/>\t\t\t\t\t<\/div>\n\n\t\t\t\t\t\t<\/div>\n\t\t\t\t<\/div>\n\t\t\t\t<\/div>\n\t\t\t\t<\/div>\n\t\t\t\t<\/div>\n\t\t","protected":false},"excerpt":{"rendered":"<p data-start=\"182\" data-end=\"364\">Forte Sandalye, modern \u00e7izgileri ve sa\u011flam yap\u0131s\u0131yla mek\u00e2nlara g\u00fc\u00e7l\u00fc bir karakter kazand\u0131r\u0131r. Dengeli formu ve estetik detaylar\u0131 sayesinde hem \u00e7a\u011fda\u015f hem zamans\u0131z bir duru\u015f sergiler.<\/p>\n<p data-start=\"366\" data-end=\"610\">Ergonomik s\u0131rt yap\u0131s\u0131 ve konforlu oturum alan\u0131 ile uzun s\u00fcreli kullan\u0131mlarda maksimum rahatl\u0131k sunar. Dayan\u0131kl\u0131 iskelet sistemi ve kaliteli malzeme se\u00e7imi sayesinde hem ev kullan\u0131m\u0131 hem de proje bazl\u0131 uygulamalar i\u00e7in g\u00fcvenle tercih edilebilir.<\/p>\n","protected":false},"featured_media":29798,"comment_status":"closed","ping_status":"closed","template":"","meta":[],"product_brand":[133],"product_cat":[132],"product_tag":[],"class_list":{"0":"post-29796","1":"product","2":"type-product","3":"status-publish","4":"has-post-thumbnail","6":"product_brand-inegol-papel","7":"product_cat-sandalye","9":"first","10":"instock","11":"shipping-taxable","12":"product-type-simple"},"_links":{"self":[{"href":"https:\/\/occasandalye.com\/index.php?rest_route=\/wp\/v2\/product\/29796","targetHints":{"allow":["GET"]}}],"collection":[{"href":"https:\/\/occasandalye.com\/index.php?rest_route=\/wp\/v2\/product"}],"about":[{"href":"https:\/\/occasandalye.com\/index.php?rest_route=\/wp\/v2\/types\/product"}],"replies":[{"embeddable":true,"href":"https:\/\/occasandalye.com\/index.php?rest_route=%2Fwp%2Fv2%2Fcomments&post=29796"}],"version-history":[{"count":4,"href":"https:\/\/occasandalye.com\/index.php?rest_route=\/wp\/v2\/product\/29796\/revisions"}],"predecessor-version":[{"id":29805,"href":"https:\/\/occasandalye.com\/index.php?rest_route=\/wp\/v2\/product\/29796\/revisions\/29805"}],"wp:featuredmedia":[{"embeddable":true,"href":"https:\/\/occasandalye.com\/index.php?rest_route=\/wp\/v2\/media\/29798"}],"wp:attachment":[{"href":"https:\/\/occasandalye.com\/index.php?rest_route=%2Fwp%2Fv2%2Fmedia&parent=29796"}],"wp:term":[{"taxonomy":"product_brand","embeddable":true,"href":"https:\/\/occasandalye.com\/index.php?rest_route=%2Fwp%2Fv2%2Fproduct_brand&post=29796"},{"taxonomy":"product_cat","embeddable":true,"href":"https:\/\/occasandalye.com\/index.php?rest_route=%2Fwp%2Fv2%2Fproduct_cat&post=29796"},{"taxonomy":"product_tag","embeddable":true,"href":"https:\/\/occasandalye.com\/index.php?rest_route=%2Fwp%2Fv2%2Fproduct_tag&post=29796"}],"curies":[{"name":"wp","href":"https:\/\/api.w.org\/{rel}","templated":true}]}}